{"id":474,"date":"2023-05-16T19:03:43","date_gmt":"2023-05-16T19:03:43","guid":{"rendered":"https:\/\/www.comsitex.es\/sector\/?page_id=474"},"modified":"2023-05-16T19:17:31","modified_gmt":"2023-05-16T19:17:31","slug":"eva-munoz-carvajal","status":"publish","type":"page","link":"http:\/\/www.sectorconsultoria.es\/?page_id=474","title":{"rendered":"Eva Mu\u00f1oz Carvajal"},"content":{"rendered":"<div>\n<p>        <img decoding=\"async\" src=\"\/sector\/wp-content\/uploads\/2023\/05\/cabeeva2.jpg\" alt=\"\"><\/p>\n<h3>Eva Mu\u00f1oz Carvajal<\/h3>\n<div>\n<ul>\n<li>Directora del \u00c1rea Jur\u00eddica y Mercantil<\/li>\n<li>Licenciada en Derecho (Universidad de Extremadura)<\/li>\n<li><strong>mail: eva@sectorconsultoria.es<\/strong><\/li>\n<\/ul>\n<\/div>\n<\/div>\n<p><!--more--><br \/>\n<!-- {\"type\":\"layout\",\"children\":[{\"type\":\"section\",\"props\":{\"image_position\":\"center-center\",\"padding\":\"xsmall\",\"padding_remove_bottom\":true,\"style\":\"default\",\"title_breakpoint\":\"xl\",\"title_position\":\"top-left\",\"title_rotation\":\"left\",\"vertical_align\":\"middle\",\"width\":\"\"},\"children\":[{\"type\":\"row\",\"children\":[{\"type\":\"column\",\"props\":{\"image_position\":\"center-center\",\"media_overlay_gradient\":\"\",\"position_sticky_breakpoint\":\"m\"},\"children\":[{\"type\":\"overlay\",\"props\":{\"content\":\"\n\n<ul>\\n\n\n<li>Directora del \\u00c1rea Jur\\u00eddica y Mercantil<\\\/li>\\n\n\n<li>Licenciada en Derecho (Universidad de Extremadura)<\\\/li>\\n\n\n<li><strong>mail: eva@sectorconsultoria.es<\\\/strong><\\\/li>\\n<\\\/ul>\",\"content_style\":\"text-large\",\"image\":\"wp-content\\\/uploads\\\/2023\\\/05\\\/cabeeva2.jpg\",\"link_style\":\"default\",\"link_text\":\"Read more\",\"margin\":\"default\",\"meta_align\":\"below-title\",\"meta_element\":\"div\",\"meta_style\":\"text-meta\",\"overlay_hover\":false,\"overlay_mode\":\"cover\",\"overlay_position\":\"center-right\",\"overlay_style\":\"overlay-primary\",\"overlay_transition\":\"fade\",\"text_align\":\"left\",\"text_color\":\"light\",\"title\":\"Eva Mu\\u00f1oz Carvajal\",\"title_element\":\"h3\",\"title_font_family\":\"secondary\",\"title_hover_style\":\"reset\",\"title_style\":\"heading-small\"}}]}]}]}],\"version\":\"3.0.20\"} --><\/p>\n","protected":false},"excerpt":{"rendered":"<p>Eva Mu\u00f1oz Carvajal Directora del \u00c1rea Jur\u00eddica y Mercantil Licenciada en Derecho (Universidad de Extremadura) mail: eva@sectorconsultoria.es<\/p>\n","protected":false},"author":1,"featured_media":0,"parent":0,"menu_order":0,"comment_status":"closed","ping_status":"closed","template":"","meta":{"footnotes":""},"class_list":["post-474","page","type-page","status-publish","hentry"],"_links":{"self":[{"href":"http:\/\/www.sectorconsultoria.es\/index.php?rest_route=\/wp\/v2\/pages\/474","targetHints":{"allow":["GET"]}}],"collection":[{"href":"http:\/\/www.sectorconsultoria.es\/index.php?rest_route=\/wp\/v2\/pages"}],"about":[{"href":"http:\/\/www.sectorconsultoria.es\/index.php?rest_route=\/wp\/v2\/types\/page"}],"author":[{"embeddable":true,"href":"http:\/\/www.sectorconsultoria.es\/index.php?rest_route=\/wp\/v2\/users\/1"}],"replies":[{"embeddable":true,"href":"http:\/\/www.sectorconsultoria.es\/index.php?rest_route=%2Fwp%2Fv2%2Fcomments&post=474"}],"version-history":[{"count":5,"href":"http:\/\/www.sectorconsultoria.es\/index.php?rest_route=\/wp\/v2\/pages\/474\/revisions"}],"predecessor-version":[{"id":488,"href":"http:\/\/www.sectorconsultoria.es\/index.php?rest_route=\/wp\/v2\/pages\/474\/revisions\/488"}],"wp:attachment":[{"href":"http:\/\/www.sectorconsultoria.es\/index.php?rest_route=%2Fwp%2Fv2%2Fmedia&parent=474"}],"curies":[{"name":"wp","href":"https:\/\/api.w.org\/{rel}","templated":true}]}}