{"id":33,"date":"2023-01-12T09:06:52","date_gmt":"2023-01-12T09:06:52","guid":{"rendered":"https:\/\/www.comsitex.es\/sector\/?page_id=33"},"modified":"2023-05-16T11:42:38","modified_gmt":"2023-05-16T11:42:38","slug":"servicios","status":"publish","type":"page","link":"https:\/\/www.sectorconsultoria.es\/?page_id=33","title":{"rendered":"Servicios"},"content":{"rendered":"<div>\n<h1>Servicios<\/h1>\n<\/div>\n<h1>Asesor\u00eda Fiscal<\/h1>\n<hr>\n<div>\n<p style=\"text-align: justify;\">El asesoramiento fiscal no debe limitarse a preparar y tramitar las diferentes liquidaciones que deben presentarse ante Hacienda.<\/p>\n<p style=\"text-align: justify;\">Las obligaciones tributarias suponen un coste m\u00e1s para cualquier empresa, por lo hay que analizar, planificar y anticipar el impacto que las mismas tienen sobre el negocio, de forma que, dentro del marco \u00a0normativo vigente, puedan optimizarse los costes fiscales.<\/p>\n<p style=\"text-align: justify;\">Dentro del \u00e1rea Fiscal, ponemos a su disposici\u00f3n, entre otros, los \u00a0siguientes servicios:<\/p>\n<ul>\n<li><strong><em>Asesoramiento y Gesti\u00f3n Fiscal de Empresas<\/em><\/strong><\/li>\n<li><strong><em>An\u00e1lisis de obligaciones y costes fiscales; estudio de alternativas<\/em><\/strong><\/li>\n<li><strong><em>Inspecciones y representaciones Fiscales<\/em><\/strong><\/li>\n<li><strong><em>Fiscalidad de Fundaciones y otras entidades no lucrativas<\/em><\/strong><\/li>\n<\/ul>\n<p style=\"text-align: justify;\">En<span>\u00a0<\/span><strong>Sector<\/strong><span>\u00a0<\/span>le ofrecemos un asesoramiento profesional, basado en la \u00a0normativa y legalidad vigente en cada momento.<\/p>\n<p style=\"text-align: justify;\">Cada consulta es \u00a0estudiada en profundidad emitiendo, en su caso, un detallado informe con referencia a los textos legales que le afectan y las conclusiones sobre \u00a0la consulta.<\/p>\n<\/div>\n<h1>Asesor\u00eda Contable<\/h1>\n<hr>\n<div>\n<p style=\"text-align: justify;\">La contabilidad es algo m\u00e1s que el mero cumplimiento de un requisito formal y obligatorio. Una eficaz gesti\u00f3n empresarial ha de fundamentarse en una adecuada gesti\u00f3n contable. De esta forma, la contabilidad debe ser la fuente de informaci\u00f3n sobre la que apoyarse para medir, \u00a0controlar y decidir en la empresa.<\/p>\n<p style=\"text-align: justify;\">Dentro del \u00e1rea de contabilidad, ponemos a su \u00a0disposici\u00f3n, entre otros, los siguientes servicios:<\/p>\n<ul>\n<li><strong><em>Asesoramiento y planificaci\u00f3n contable<\/em><\/strong><\/li>\n<li><strong><em>Dise\u00f1o y confecci\u00f3n de contabilidad anal\u00edtica<\/em><\/strong><\/li>\n<li><strong><em>Regularizaci\u00f3n y\u00a0actualizaci\u00f3n\u00a0de contabilidades<\/em><\/strong><\/li>\n<li><strong><em>Asistencia para la confecci\u00f3n de Cuentas Anuales<\/em><\/strong><\/li>\n<\/ul>\n<p style=\"text-align: justify;\">La estructura organizativa de<span>\u00a0<\/span><strong>Sector Consultor\u00eda<\/strong><span>\u00a0<\/span>y el sistema de trabajo que tiene \u00a0implementado, permite un acceso permanente a los estados financieros de su empresa. \u00a0Igualmente, tambi\u00e9n existe la posibilidad se contratar nuestro\u00a0<em>servicio \u201ce-conta\u201d<\/em>\u00a0y tener su \u00a0contabilidad actualizada sin tener que mover la documentaci\u00f3n de su empresa.<\/p>\n<\/div>\n<h1>Consultor\u00eda &#8211; Auditor\u00eda<\/h1>\n<hr>\n<div>\n<p style=\"text-align: justify;\">La auditor\u00eda de cuentas es algo m\u00e1s que el cumplimiento de una obligaci\u00f3n regulada por la \u00a0legislaci\u00f3n mercantil. No s\u00f3lo facilita una evaluaci\u00f3n global y objetiva de los problemas de la \u00a0empresa, sino que aporta una importante ayuda a la direcci\u00f3n, al evaluar de forma \u00a0independiente los sistemas de organizaci\u00f3n y de administraci\u00f3n de su empresa.<\/p>\n<p style=\"text-align: justify;\">Nuestro conocimiento del \u00e1rea fiscal, contable y financiera de la empresa nos permite \u00a0prestar un servicio integral especializado para adaptarnos a las necesidades de cada cliente.<\/p>\n<p style=\"text-align: justify;\">Por todo ello, orientamos nuestro trabajo para \u00a0generar valor a\u00f1adido a su negocio, buscando, dentro del marco normativo vigente, una \u00a0relaci\u00f3n cercana y colaborativa con nuestros clientes.<\/p>\n<\/div>\n<hr>\n<p>\n    <a href=\"http:\/\/claroscarvajal.es\">Visita la Web de Claros Carvajal Auditores <\/a>\n<\/p>\n<p><!--more--><br \/>\n<!-- {\"type\":\"layout\",\"children\":[{\"name\":\"Hero\",\"type\":\"section\",\"props\":{\"height\":\"section\",\"image\":\"\",\"image_position\":\"center-center\",\"image_size\":\"cover\",\"media\":\"images\\\/service-header.jpg\",\"media_background\":\"rgba(55, 82, 170, 0.4)\",\"media_blend_mode\":\"multiply\",\"media_overlay\":\"rgba(202, 205, 209, 0.7)\",\"padding\":\"xlarge\",\"style\":\"default\",\"text_color\":\"light\",\"title_breakpoint\":\"xl\",\"title_position\":\"top-left\",\"title_rotation\":\"left\",\"vertical_align\":\"middle\",\"video\":\"wp-content\\\/uploads\\\/projects-hero-video.mp4\",\"video_fallback\":\"\",\"width\":\"default\"},\"children\":[{\"name\":\"\",\"type\":\"row\",\"props\":{\"column_gap\":\"small\",\"row_gap\":\"small\",\"width\":\"default\"},\"children\":[{\"name\":\"\",\"type\":\"column\",\"props\":{\"image_position\":\"center-center\",\"media_overlay_gradient\":\"\",\"position_sticky_breakpoint\":\"m\",\"width_medium\":\"\"},\"children\":[{\"name\":\"\",\"type\":\"panel\",\"props\":{\"content\":\"\",\"content_column_breakpoint\":\"m\",\"icon_width\":80,\"image_align\":\"top\",\"image_grid_breakpoint\":\"m\",\"image_grid_width\":\"1-2\",\"image_svg_color\":\"emphasis\",\"link_style\":\"default\",\"link_text\":\"Read more\",\"margin\":\"medium\",\"maxwidth\":\"2xlarge\",\"meta_align\":\"below-title\",\"meta_element\":\"div\",\"meta_style\":\"text-meta\",\"text_align\":\"center\",\"title\":\"Servicios\",\"title_align\":\"top\",\"title_element\":\"h1\",\"title_grid_breakpoint\":\"m\",\"title_grid_width\":\"1-2\",\"title_hover_style\":\"reset\",\"title_style\":\"heading-medium\"}}]}]}]},{\"name\":\"Projects\",\"type\":\"section\",\"props\":{\"animation\":\"slide-top-small\",\"animation_delay\":false,\"image_position\":\"center-center\",\"padding\":\"small\",\"style\":\"muted\",\"title_breakpoint\":\"xl\",\"title_position\":\"top-left\",\"title_rotation\":\"left\",\"vertical_align\":\"middle\",\"width\":\"default\"},\"children\":[{\"type\":\"row\",\"children\":[{\"type\":\"column\",\"props\":{\"image_position\":\"center-center\",\"media_overlay_gradient\":\"\",\"position_sticky_breakpoint\":\"m\",\"width_medium\":\"1-2\"},\"children\":[{\"type\":\"headline\",\"props\":{\"content\":\"Asesor\\u00eda Fiscal\",\"title_decoration\":\"bullet\",\"title_element\":\"h1\",\"title_font_family\":\"tertiary\",\"title_style\":\"heading-small\"}},{\"type\":\"divider\",\"props\":{\"divider_element\":\"hr\",\"divider_style\":\"\"}},{\"type\":\"text\",\"props\":{\"column_breakpoint\":\"m\",\"content\":\"\n\n<p style=\\\"text-align: justify;\\\">El asesoramiento fiscal no debe limitarse a preparar y tramitar las diferentes liquidaciones que deben presentarse ante Hacienda.<\\\/p>\\n\n\n<p style=\\\"text-align: justify;\\\">Las obligaciones tributarias suponen un coste m\\u00e1s para cualquier empresa, por lo hay que analizar, planificar y anticipar el impacto que las mismas tienen sobre el negocio, de forma que, dentro del marco \\u00a0normativo vigente, puedan optimizarse los costes fiscales.<\\\/p>\\n\n\n<p style=\\\"text-align: justify;\\\">Dentro del \\u00e1rea Fiscal, ponemos a su disposici\\u00f3n, entre otros, los \\u00a0siguientes servicios:<\\\/p>\\n\n\n<ul>\\n\n\n<li><strong><em>Asesoramiento y Gesti\\u00f3n Fiscal de Empresas<\\\/em><\\\/strong><\\\/li>\\n\n\n<li><strong><em>An\\u00e1lisis de obligaciones y costes fiscales; estudio de alternativas<\\\/em><\\\/strong><\\\/li>\\n\n\n<li><strong><em>Inspecciones y representaciones Fiscales<\\\/em><\\\/strong><\\\/li>\\n\n\n<li><strong><em>Fiscalidad de Fundaciones y otras entidades no lucrativas<\\\/em><\\\/strong><\\\/li>\\n<\\\/ul>\\n\n\n<p style=\\\"text-align: justify;\\\">En<span>\\u00a0<\\\/span><strong>Sector<\\\/strong><span>\\u00a0<\\\/span>le ofrecemos un asesoramiento profesional, basado en la \\u00a0normativa y legalidad vigente en cada momento.<\\\/p>\\n\n\n<p style=\\\"text-align: justify;\\\">Cada consulta es \\u00a0estudiada en profundidad emitiendo, en su caso, un detallado informe con referencia a los textos legales que le afectan y las conclusiones sobre \\u00a0la consulta.<\\\/p>\",\"margin\":\"default\"}}]},{\"type\":\"column\",\"props\":{\"image\":\"wp-content\\\/uploads\\\/2023\\\/01\\\/servicios_asesf.jpg\",\"image_position\":\"center-center\",\"media_overlay_gradient\":\"\",\"position_sticky_breakpoint\":\"m\",\"width_medium\":\"1-2\"},\"children\":[]}],\"props\":{\"layout\":\"1-2,1-2\"}}]},{\"name\":\"Projects\",\"type\":\"section\",\"props\":{\"animation\":\"slide-top-small\",\"animation_delay\":false,\"image_position\":\"center-center\",\"padding\":\"xsmall\",\"padding_remove_top\":false,\"style\":\"default\",\"title_breakpoint\":\"xl\",\"title_position\":\"top-left\",\"title_rotation\":\"left\",\"vertical_align\":\"middle\",\"width\":\"default\"},\"children\":[{\"type\":\"row\",\"children\":[{\"type\":\"column\",\"props\":{\"image\":\"wp-content\\\/uploads\\\/2023\\\/01\\\/servicios_contab.jpg\",\"image_position\":\"center-center\",\"media_overlay_gradient\":\"\",\"position_sticky_breakpoint\":\"m\",\"width_medium\":\"1-2\"},\"children\":[]},{\"type\":\"column\",\"props\":{\"image_position\":\"center-center\",\"media_overlay_gradient\":\"\",\"position_sticky_breakpoint\":\"m\",\"width_medium\":\"1-2\"},\"children\":[{\"type\":\"headline\",\"props\":{\"content\":\"Asesor\\u00eda Contable\",\"title_decoration\":\"bullet\",\"title_element\":\"h1\",\"title_font_family\":\"tertiary\",\"title_style\":\"heading-small\"}},{\"type\":\"divider\",\"props\":{\"divider_element\":\"hr\"}},{\"type\":\"text\",\"props\":{\"column_breakpoint\":\"m\",\"content\":\"\n\n<p style=\\\"text-align: justify;\\\">La contabilidad es algo m\\u00e1s que el mero cumplimiento de un requisito formal y obligatorio. Una eficaz gesti\\u00f3n empresarial ha de fundamentarse en una adecuada gesti\\u00f3n contable. De esta forma, la contabilidad debe ser la fuente de informaci\\u00f3n sobre la que apoyarse para medir, \\u00a0controlar y decidir en la empresa.<\\\/p>\\n\n\n<p style=\\\"text-align: justify;\\\">Dentro del \\u00e1rea de contabilidad, ponemos a su \\u00a0disposici\\u00f3n, entre otros, los siguientes servicios:<\\\/p>\\n\n\n<ul>\\n\n\n<li><strong><em>Asesoramiento y planificaci\\u00f3n contable<\\\/em><\\\/strong><\\\/li>\\n\n\n<li><strong><em>Dise\\u00f1o y confecci\\u00f3n de contabilidad anal\\u00edtica<\\\/em><\\\/strong><\\\/li>\\n\n\n<li><strong><em>Regularizaci\\u00f3n y\\u00a0actualizaci\\u00f3n\\u00a0de contabilidades<\\\/em><\\\/strong><\\\/li>\\n\n\n<li><strong><em>Asistencia para la confecci\\u00f3n de Cuentas Anuales<\\\/em><\\\/strong><\\\/li>\\n<\\\/ul>\\n\n\n<p style=\\\"text-align: justify;\\\">La estructura organizativa de<span>\\u00a0<\\\/span><strong>Sector Consultor\\u00eda<\\\/strong><span>\\u00a0<\\\/span>y el sistema de trabajo que tiene \\u00a0implementado, permite un acceso permanente a los estados financieros de su empresa. \\u00a0Igualmente, tambi\\u00e9n existe la posibilidad se contratar nuestro\\u00a0<em>servicio \\u201ce-conta\\u201d<\\\/em>\\u00a0y tener su \\u00a0contabilidad actualizada sin tener que mover la documentaci\\u00f3n de su empresa.<\\\/p>\",\"margin\":\"default\"}}]}],\"props\":{\"layout\":\"1-2,1-2\"}}]},{\"name\":\"Projects\",\"type\":\"section\",\"props\":{\"animation\":\"slide-top-small\",\"animation_delay\":false,\"image_position\":\"center-center\",\"padding\":\"small\",\"style\":\"muted\",\"title_breakpoint\":\"xl\",\"title_position\":\"top-left\",\"title_rotation\":\"left\",\"vertical_align\":\"middle\",\"width\":\"default\"},\"children\":[{\"type\":\"row\",\"children\":[{\"type\":\"column\",\"props\":{\"image_position\":\"center-center\",\"media_overlay_gradient\":\"\",\"position_sticky_breakpoint\":\"m\",\"width_medium\":\"1-2\"},\"children\":[{\"type\":\"headline\",\"props\":{\"content\":\"Consultor\\u00eda - Auditor\\u00eda\",\"title_decoration\":\"bullet\",\"title_element\":\"h1\",\"title_font_family\":\"tertiary\",\"title_style\":\"heading-small\"}},{\"type\":\"divider\",\"props\":{\"divider_element\":\"hr\"}},{\"type\":\"text\",\"props\":{\"column_breakpoint\":\"m\",\"content\":\"\n\n<p style=\\\"text-align: justify;\\\">La auditor\\u00eda de cuentas es algo m\\u00e1s que el cumplimiento de una obligaci\\u00f3n regulada por la \\u00a0legislaci\\u00f3n mercantil. No s\\u00f3lo facilita una evaluaci\\u00f3n global y objetiva de los problemas de la \\u00a0empresa, sino que aporta una importante ayuda a la direcci\\u00f3n, al evaluar de forma \\u00a0independiente los sistemas de organizaci\\u00f3n y de administraci\\u00f3n de su empresa.<\\\/p>\\n\n\n<p style=\\\"text-align: justify;\\\">Nuestro conocimiento del \\u00e1rea fiscal, contable y financiera de la empresa nos permite \\u00a0prestar un servicio integral especializado para adaptarnos a las necesidades de cada cliente.<\\\/p>\\n\n\n<p style=\\\"text-align: justify;\\\">Por todo ello, orientamos nuestro trabajo para \\u00a0generar valor a\\u00f1adido a su negocio, buscando, dentro del marco normativo vigente, una \\u00a0relaci\\u00f3n cercana y colaborativa con nuestros clientes.<\\\/p>\",\"margin\":\"default\"}},{\"type\":\"divider\",\"props\":{\"divider_element\":\"hr\"}},{\"type\":\"button\",\"props\":{\"grid_column_gap\":\"small\",\"grid_row_gap\":\"small\",\"margin\":\"default\"},\"children\":[{\"type\":\"button_item\",\"props\":{\"button_style\":\"default\",\"content\":\"Visita la Web de Claros Carvajal Auditores \",\"icon_align\":\"left\",\"link\":\"http:\\\/\\\/claroscarvajal.es\",\"link_target\":\"blank\"}}]}]},{\"type\":\"column\",\"props\":{\"image\":\"wp-content\\\/uploads\\\/2023\\\/01\\\/servicios_audit.jpg\",\"image_position\":\"center-center\",\"media_overlay_gradient\":\"\",\"position_sticky_breakpoint\":\"m\",\"width_medium\":\"1-2\"},\"children\":[]}],\"props\":{\"layout\":\"1-2,1-2\"}}]}],\"version\":\"3.0.20\"} --><\/p>\n","protected":false},"excerpt":{"rendered":"<p>Servicios Asesor\u00eda Fiscal El asesoramiento fiscal no debe limitarse a preparar y tramitar las diferentes liquidaciones que deben presentarse ante Hacienda. Las obligaciones tributarias suponen un coste m\u00e1s para cualquier empresa, por lo hay que analizar, planificar y anticipar el impacto que las mismas tienen sobre el negocio, de forma que, dentro del marco \u00a0normativo [&hellip;]<\/p>\n","protected":false},"author":1,"featured_media":0,"parent":0,"menu_order":0,"comment_status":"closed","ping_status":"closed","template":"","meta":{"footnotes":""},"class_list":["post-33","page","type-page","status-publish","hentry"],"_links":{"self":[{"href":"https:\/\/www.sectorconsultoria.es\/index.php?rest_route=\/wp\/v2\/pages\/33","targetHints":{"allow":["GET"]}}],"collection":[{"href":"https:\/\/www.sectorconsultoria.es\/index.php?rest_route=\/wp\/v2\/pages"}],"about":[{"href":"https:\/\/www.sectorconsultoria.es\/index.php?rest_route=\/wp\/v2\/types\/page"}],"author":[{"embeddable":true,"href":"https:\/\/www.sectorconsultoria.es\/index.php?rest_route=\/wp\/v2\/users\/1"}],"replies":[{"embeddable":true,"href":"https:\/\/www.sectorconsultoria.es\/index.php?rest_route=%2Fwp%2Fv2%2Fcomments&post=33"}],"version-history":[{"count":39,"href":"https:\/\/www.sectorconsultoria.es\/index.php?rest_route=\/wp\/v2\/pages\/33\/revisions"}],"predecessor-version":[{"id":398,"href":"https:\/\/www.sectorconsultoria.es\/index.php?rest_route=\/wp\/v2\/pages\/33\/revisions\/398"}],"wp:attachment":[{"href":"https:\/\/www.sectorconsultoria.es\/index.php?rest_route=%2Fwp%2Fv2%2Fmedia&parent=33"}],"curies":[{"name":"wp","href":"https:\/\/api.w.org\/{rel}","templated":true}]}}