{"id":7,"date":"2023-01-09T09:24:23","date_gmt":"2023-01-09T09:24:23","guid":{"rendered":"https:\/\/www.comsitex.es\/sector\/?page_id=7"},"modified":"2023-05-16T09:31:10","modified_gmt":"2023-05-16T09:31:10","slug":"inicio","status":"publish","type":"page","link":"https:\/\/www.sectorconsultoria.es\/","title":{"rendered":"Inicio"},"content":{"rendered":"<ul>\n<li>\n<p>        <img decoding=\"async\" src=\"\/sector\/wp-content\/uploads\/2023\/01\/cab_inicio_1.jpg\" alt=\"\"><\/p>\n<h3>Asesor\u00eda Fiscal<\/h3>\n<\/li>\n<li>\n<p>        <img decoding=\"async\" src=\"\/sector\/wp-content\/uploads\/2023\/01\/cabeconta.jpg\" alt=\"\"><\/p>\n<h3>Asesor\u00eda Contable<\/h3>\n<\/li>\n<li>\n<p>        <img decoding=\"async\" src=\"\/sector\/wp-content\/uploads\/2023\/05\/cabe_audit.jpg\" alt=\"\"><\/p>\n<h3>Consultor\u00eda &#8211; Auditor\u00eda<\/h3>\n<\/li>\n<\/ul>\n<ul>\n<li>\n<p>        <img decoding=\"async\" src=\"\/sector\/wp-content\/uploads\/services-01-tax-planning.svg\" alt=\"\"><\/p>\n<h2>Asesor\u00eda Fiscal<\/h2>\n<div>\n<p>Analizar, planificar y anticipar<\/p>\n<\/div>\n<\/li>\n<li>\n<p>        <img decoding=\"async\" src=\"\/sector\/wp-content\/uploads\/services-03-financial-services.svg\" alt=\"\"><\/p>\n<h2>Asesor\u00eda Contable<\/h2>\n<div>\n<p>Medir, controlar y decidir<\/p>\n<\/div>\n<\/li>\n<li>\n<p>        <img decoding=\"async\" src=\"\/sector\/wp-content\/uploads\/services-05-audit-and-assurance.svg\" alt=\"\"><\/p>\n<h2>Consultor\u00eda &#8211; Auditor\u00eda<\/h2>\n<div>\n<p>Evaluaci\u00f3n global y objetiva<\/p>\n<\/div>\n<\/li>\n<\/ul>\n<div>\n<h2>Un gran trabajo<br \/> Con un gran Equipo Humano<\/h2>\n<p><a href=\"\/sector\/index.php?page_id=31\">La firma<\/a><\/p>\n<\/div>\n<ul>\n<li>\n<p>        <img decoding=\"async\" src=\"\/sector\/wp-content\/uploads\/2023\/01\/jesusm.jpg\" alt=\"\"><\/p>\n<h3>Jes\u00fas Mu\u00f1oz Carvajal<\/h3>\n<p>Socio<\/p>\n<\/li>\n<li>\n<p>        <img decoding=\"async\" src=\"\/sector\/wp-content\/uploads\/2023\/01\/jfpvn.jpg\" alt=\"\"><\/p>\n<h3>Jos\u00e9 F\u00e9lix Pav\u00f3n Claros<\/h3>\n<p>Socio<\/p>\n<\/li>\n<li>\n<p>        <img decoding=\"async\" src=\"\/sector\/wp-content\/uploads\/2023\/01\/evamc.jpg\" alt=\"\"><\/p>\n<h3>Eva Mu\u00f1oz Carvajal<\/h3>\n<p>Socio<\/p>\n<\/li>\n<\/ul>\n<div>\n<h2>Por qu\u00e9 elegirnos<\/h2>\n<p><a href=\"\/sector\/index.php?page_id=33\">Servicios<\/a><\/p>\n<\/div>\n<div>30<\/div>\n<div>A\u00f1os de experiencia<br \/>En asesor\u00eda empresarial<\/div>\n<h2>Cons\u00faltanos<\/h2>\n<div>\n<h5>\u00bfTe ayudamos?<br \/>Contacta con nosotros,<br \/>te atenderemos encantados.<\/h5>\n<\/div>\n<ul>\n<li>\n        <a href=\"\/sector\/index.php?page_id=37\">Escr\u00edbenos<\/a>\n    <\/li>\n<li>\n        <a href=\"tel:927215416\">+034 927 215 416<\/a>\n    <\/li>\n<\/ul>\n<p><!--more--><br \/>\n<!-- {\"type\":\"layout\",\"children\":[{\"type\":\"section\",\"props\":{\"image_position\":\"center-center\",\"padding\":\"xsmall\",\"padding_remove_bottom\":true,\"style\":\"default\",\"title_breakpoint\":\"xl\",\"title_position\":\"top-left\",\"title_rotation\":\"left\",\"vertical_align\":\"middle\",\"width\":\"\"},\"children\":[{\"type\":\"row\",\"children\":[{\"type\":\"column\",\"props\":{\"image_position\":\"center-center\",\"media_overlay_gradient\":\"\",\"position_sticky_breakpoint\":\"m\"},\"children\":[{\"type\":\"slideshow\",\"props\":{\"content_style\":\"text-lead\",\"link_style\":\"default\",\"link_text\":\"Read more\",\"margin\":\"default\",\"meta_align\":\"below-title\",\"meta_element\":\"div\",\"meta_style\":\"text-meta\",\"nav\":\"dotnav\",\"nav_align\":\"center\",\"nav_breakpoint\":\"s\",\"nav_position\":\"bottom-center\",\"nav_position_margin\":\"medium\",\"overlay_animation\":\"parallax\",\"overlay_margin\":\"none\",\"overlay_position\":\"center\",\"overlay_width\":\"xlarge\",\"show_content\":true,\"show_link\":true,\"show_meta\":true,\"show_thumbnail\":true,\"show_title\":true,\"slidenav\":\"default\",\"slidenav_breakpoint\":\"s\",\"slidenav_margin\":\"medium\",\"slidenav_outside_breakpoint\":\"xl\",\"slideshow_autoplay\":true,\"slideshow_autoplay_interval\":\"8\",\"slideshow_autoplay_pause\":false,\"slideshow_kenburns\":\"top-center\",\"slideshow_max_height\":\"500\",\"slideshow_min_height\":300,\"text_align\":\"center\",\"thumbnav_height\":\"75\",\"thumbnav_svg_color\":\"emphasis\",\"thumbnav_width\":\"100\",\"title_color\":\"success\",\"title_element\":\"h3\",\"title_style\":\"heading-small\"},\"children\":[{\"type\":\"slideshow_item\",\"props\":{\"content\":\"\",\"image\":\"wp-content\\\/uploads\\\/2023\\\/01\\\/cab_inicio_1.jpg\",\"title\":\"Asesor\\u00eda Fiscal\"}},{\"type\":\"slideshow_item\",\"props\":{\"content\":\"\",\"image\":\"wp-content\\\/uploads\\\/2023\\\/01\\\/cabeconta.jpg\",\"title\":\"Asesor\\u00eda Contable\"}},{\"type\":\"slideshow_item\",\"props\":{\"image\":\"wp-content\\\/uploads\\\/2023\\\/05\\\/cabe_audit.jpg\",\"title\":\"Consultor\\u00eda - Auditor\\u00eda\"}}]}]}]}]},{\"name\":\"Services\",\"type\":\"section\",\"props\":{\"animation\":\"slide-top-small\",\"animation_delay\":false,\"header_overlay\":\"light\",\"height_viewport\":false,\"image_position\":\"center-center\",\"image_size\":\"cover\",\"media\":\"\",\"padding\":\"xsmall\",\"padding_remove_top\":false,\"style\":\"default\",\"title\":\"\",\"title_breakpoint\":\"xl\",\"title_position\":\"top-left\",\"title_rotation\":\"left\",\"vertical_align\":\"middle\",\"width\":\"large\"},\"children\":[{\"name\":\"\",\"type\":\"row\",\"props\":{\"column_gap\":\"small\",\"match\":false,\"row_gap\":\"small\"},\"children\":[{\"name\":\"\",\"type\":\"column\",\"props\":{\"image_position\":\"center-center\",\"media_overlay_gradient\":\"\",\"position_sticky_breakpoint\":\"m\",\"width_medium\":\"1-1\"},\"children\":[{\"name\":\"\",\"type\":\"grid\",\"props\":{\"content_column_breakpoint\":\"m\",\"filter_align\":\"left\",\"filter_all\":true,\"filter_grid_breakpoint\":\"m\",\"filter_grid_width\":\"auto\",\"filter_position\":\"top\",\"filter_style\":\"tab\",\"grid_column_gap\":\"medium\",\"grid_default\":\"1\",\"grid_medium\":\"3\",\"grid_row_gap\":\"medium\",\"grid_small\":\"2\",\"icon_width\":80,\"image_align\":\"top\",\"image_grid_breakpoint\":\"m\",\"image_grid_width\":\"1-2\",\"image_loading\":true,\"image_svg_animate\":true,\"image_svg_color\":\"primary\",\"image_svg_inline\":true,\"item_animation\":true,\"link_style\":\"default\",\"link_text\":\"\",\"margin\":\"default\",\"meta_align\":\"below-title\",\"meta_element\":\"div\",\"meta_style\":\"text-meta\",\"panel_link\":true,\"panel_padding\":\"default\",\"panel_style\":\"card-hover\",\"parallax_easing\":\"1\",\"show_content\":true,\"show_image\":true,\"show_link\":true,\"show_meta\":true,\"show_title\":true,\"text_align\":\"center\",\"title_align\":\"top\",\"title_element\":\"h2\",\"title_grid_breakpoint\":\"m\",\"title_grid_width\":\"1-2\",\"title_hover_style\":\"reset\",\"title_style\":\"h4\"},\"children\":[{\"name\":\"\",\"type\":\"grid_item\",\"props\":{\"content\":\"\n\n<p>Analizar, planificar y anticipar<\\\/p>\",\"image\":\"wp-content\\\/uploads\\\/services-01-tax-planning.svg\",\"link\":\"\",\"title\":\"Asesor\\u00eda Fiscal\"}},{\"name\":\"\",\"type\":\"grid_item\",\"props\":{\"content\":\"\n\n<p>Medir, controlar y decidir<\\\/p>\",\"image\":\"wp-content\\\/uploads\\\/services-03-financial-services.svg\",\"link\":\"\",\"title\":\"Asesor\\u00eda Contable\"}},{\"name\":\"\",\"type\":\"grid_item\",\"props\":{\"content\":\"\n\n<p>Evaluaci\\u00f3n global y objetiva<\\\/p>\",\"image\":\"wp-content\\\/uploads\\\/services-05-audit-and-assurance.svg\",\"link\":\"\",\"title\":\"Consultor\\u00eda - Auditor\\u00eda\"}}]}]}]}]},{\"name\":\"Company\",\"type\":\"section\",\"props\":{\"animation_delay\":false,\"header_overlay\":\"light\",\"height_viewport\":false,\"image\":\"wp-content\\\/uploads\\\/home-company-bg.jpg\",\"image_effect\":\"parallax\",\"image_parallax_bgy\":\"-100,100\",\"image_parallax_breakpoint\":\"m\",\"image_parallax_easing\":\"1\",\"image_position\":\"center-center\",\"image_size\":\"cover\",\"image_width\":\"1560\",\"media\":\"\",\"padding\":\"xlarge\",\"padding_remove_top\":false,\"style\":\"default\",\"title_breakpoint\":\"xl\",\"title_position\":\"top-left\",\"title_rotation\":\"left\",\"vertical_align\":\"middle\",\"width\":\"small\"},\"children\":[{\"name\":\"\",\"type\":\"row\",\"props\":{\"column_gap\":\"small\",\"layout\":\"1-2,1-2\",\"row_gap\":\"small\",\"vertical_align\":false,\"width\":\"default\"},\"children\":[{\"name\":\"\",\"type\":\"column\",\"props\":{\"image_position\":\"center-center\",\"media_overlay_gradient\":\"\",\"position_sticky_breakpoint\":\"m\",\"width_medium\":\"1-2\"},\"children\":[{\"name\":\"\",\"type\":\"panel\",\"props\":{\"block_align\":\"center\",\"content\":\"\",\"content_column_breakpoint\":\"m\",\"icon\":\"\",\"icon_width\":80,\"image_align\":\"top\",\"image_grid_breakpoint\":\"m\",\"image_grid_width\":\"1-2\",\"image_svg_color\":\"emphasis\",\"link\":\"index.php?page_id=31\",\"link_style\":\"primary\",\"link_text\":\"La firma\",\"margin\":\"\",\"maxwidth\":\"large\",\"meta_align\":\"below-title\",\"meta_element\":\"div\",\"meta_style\":\"text-meta\",\"text_align\":\"left\",\"title\":\"Un gran trabajo<br \/> Con un gran Equipo Humano\",\"title_align\":\"top\",\"title_element\":\"h2\",\"title_grid_breakpoint\":\"m\",\"title_grid_width\":\"1-2\",\"title_hover_style\":\"reset\",\"title_style\":\"h3\"}}]},{\"name\":\"\",\"type\":\"column\",\"props\":{\"image_position\":\"center-center\",\"media_overlay_gradient\":\"\",\"position_sticky_breakpoint\":\"m\",\"width_medium\":\"1-2\"}}]}]},{\"name\":\"Team\",\"type\":\"section\",\"props\":{\"animation_delay\":false,\"height_viewport\":false,\"image\":\"\",\"image_position\":\"center-center\",\"image_size\":\"cover\",\"media\":\"images\\\/home-quality.jpg\",\"padding\":\"xsmall\",\"style\":\"default\",\"text_color\":\"light\",\"title_breakpoint\":\"xl\",\"title_position\":\"top-left\",\"title_rotation\":\"left\",\"vertical_align\":\"middle\",\"width\":\"xlarge\"},\"children\":[{\"name\":\"\",\"type\":\"row\",\"props\":{\"column_gap\":\"medium\",\"row_gap\":\"medium\"},\"children\":[{\"name\":\"\",\"type\":\"column\",\"props\":{\"image\":\"\",\"image_height\":\"558\",\"image_position\":\"center-center\",\"image_size\":\"cover\",\"image_width\":\"522\",\"media_overlay_gradient\":\"\",\"padding\":\"xlarge\",\"position_sticky_breakpoint\":\"m\",\"width_medium\":\"1-1\"},\"children\":[{\"name\":\"\",\"type\":\"gallery\",\"props\":{\"filter_align\":\"left\",\"filter_all\":true,\"filter_grid_breakpoint\":\"m\",\"filter_grid_width\":\"auto\",\"filter_position\":\"top\",\"filter_style\":\"tab\",\"grid_column_gap\":\"medium\",\"grid_default\":\"1\",\"grid_medium\":\"\",\"grid_row_gap\":\"medium\",\"grid_small\":\"3\",\"image_width\":\"640\",\"item_animation\":true,\"link_style\":\"default\",\"link_text\":\"\",\"margin\":\"default\",\"meta_align\":\"below-title\",\"meta_element\":\"div\",\"meta_margin\":\"remove\",\"meta_style\":\"text-meta\",\"overlay_hover\":false,\"overlay_link\":true,\"overlay_margin\":\"small\",\"overlay_mode\":\"caption\",\"overlay_position\":\"bottom\",\"overlay_style\":\"overlay-primary\",\"overlay_transition\":\"fade\",\"parallax_easing\":\"1\",\"show_content\":true,\"show_hover_image\":true,\"show_link\":true,\"show_meta\":true,\"show_title\":true,\"text_align\":\"left\",\"text_color\":\"light\",\"title_element\":\"h3\",\"title_hover_style\":\"reset\"},\"children\":[{\"name\":\"\",\"type\":\"gallery_item\",\"props\":{\"content\":\"\",\"image\":\"wp-content\\\/uploads\\\/2023\\\/01\\\/jesusm.jpg\",\"link\":\"\",\"meta\":\"Socio\",\"title\":\"Jes\\u00fas Mu\\u00f1oz Carvajal\"}},{\"name\":\"\",\"type\":\"gallery_item\",\"props\":{\"image\":\"wp-content\\\/uploads\\\/2023\\\/01\\\/jfpvn.jpg\",\"link\":\"\",\"meta\":\"Socio\",\"title\":\"Jos\\u00e9 F\\u00e9lix Pav\\u00f3n Claros\"}},{\"name\":\"\",\"type\":\"gallery_item\",\"props\":{\"image\":\"wp-content\\\/uploads\\\/2023\\\/01\\\/evamc.jpg\",\"link\":\"\",\"meta\":\"Socio\",\"title\":\"Eva Mu\\u00f1oz Carvajal\"}}]}]}]}]},{\"name\":\"Projects\",\"type\":\"section\",\"props\":{\"animation_delay\":false,\"header_overlay\":\"light\",\"height_viewport\":false,\"image\":\"\",\"image_height\":\"569\",\"image_position\":\"center-center\",\"image_size\":\"cover\",\"image_width\":\"1567\",\"media\":\"\",\"padding\":\"large\",\"padding_remove_top\":false,\"style\":\"default\",\"title_breakpoint\":\"xl\",\"title_position\":\"top-left\",\"title_rotation\":\"left\",\"vertical_align\":\"middle\",\"width\":\"small\"},\"children\":[{\"name\":\"\",\"type\":\"row\",\"props\":{\"column_gap\":\"large\",\"layout\":\"1-2,1-2\",\"row_gap\":\"large\",\"vertical_align\":true,\"width\":\"default\"},\"children\":[{\"name\":\"\",\"type\":\"column\",\"props\":{\"image_position\":\"center-center\",\"media_overlay_gradient\":\"\",\"position_sticky_breakpoint\":\"m\",\"vertical_align\":\"middle\",\"width_small\":\"1-2\"},\"children\":[{\"name\":\"\",\"type\":\"panel\",\"props\":{\"block_align\":\"right\",\"content\":\"\",\"content_column_breakpoint\":\"m\",\"icon\":\"\",\"icon_width\":80,\"image_align\":\"top\",\"image_grid_breakpoint\":\"m\",\"image_grid_width\":\"1-2\",\"image_svg_color\":\"emphasis\",\"link\":\"index.php?page_id=33\",\"link_style\":\"primary\",\"link_text\":\"Servicios\",\"margin\":\"default\",\"meta_align\":\"below-title\",\"meta_element\":\"div\",\"meta_style\":\"text-meta\",\"text_align\":\"left\",\"title\":\"Por qu\\u00e9 elegirnos\",\"title_align\":\"top\",\"title_element\":\"h2\",\"title_grid_breakpoint\":\"m\",\"title_grid_width\":\"1-2\",\"title_hover_style\":\"reset\",\"title_style\":\"h3\"}}]},{\"name\":\"\",\"type\":\"column\",\"props\":{\"image_position\":\"center-center\",\"media_overlay_gradient\":\"\",\"position_sticky_breakpoint\":\"m\",\"vertical_align\":\"middle\",\"width_small\":\"1-2\"},\"children\":[{\"name\":\"\",\"type\":\"headline\",\"props\":{\"animation\":\"none\",\"content\":\"30\",\"title_color\":\"primary\",\"title_element\":\"div\",\"title_style\":\"heading-xlarge\"}},{\"name\":\"\",\"type\":\"headline\",\"props\":{\"content\":\"A\\u00f1os de experiencia<br \\\/>En asesor\\u00eda empresarial\",\"margin_remove_top\":true,\"title_color\":\"muted\",\"title_element\":\"div\",\"title_style\":\"h5\"}}]}]}]},{\"name\":\"Contact\",\"type\":\"section\",\"props\":{\"animation_delay\":false,\"image_position\":\"center-center\",\"padding\":\"none\",\"style\":\"default\",\"title_breakpoint\":\"xl\",\"title_position\":\"top-left\",\"title_rotation\":\"left\",\"vertical_align\":\"middle\",\"width\":\"\"},\"children\":[{\"name\":\"\",\"type\":\"row\",\"props\":{\"column_gap\":\"collapse\",\"layout\":\"1-2,1-2\",\"row_gap\":\"collapse\"},\"children\":[{\"name\":\"\",\"type\":\"column\",\"props\":{\"image\":\"wp-content\\\/uploads\\\/home-contact-01.jpg\",\"image_position\":\"center-center\",\"image_size\":\"cover\",\"image_width\":\"780\",\"media_overlay_gradient\":\"\",\"media_visibility\":\"s\",\"position_sticky_breakpoint\":\"m\",\"style\":\"default\",\"width_small\":\"1-2\"}},{\"name\":\"\",\"type\":\"column\",\"props\":{\"image\":\"wp-content\\\/uploads\\\/home-contact-02.jpg\",\"image_position\":\"center-center\",\"image_size\":\"cover\",\"image_width\":\"780\",\"media_background\":\"#213b93\",\"media_blend_mode\":\"multiply\",\"media_overlay\":\"rgba(33, 59, 147, 0.75)\",\"media_overlay_gradient\":\"\",\"padding\":\"large\",\"position_sticky_breakpoint\":\"m\",\"preserve_color\":false,\"style\":\"default\",\"text_color\":\"light\",\"width_small\":\"1-2\"},\"children\":[{\"name\":\"\",\"type\":\"headline\",\"props\":{\"block_align\":\"center\",\"content\":\"Cons\\u00faltanos\",\"maxwidth\":\"large\",\"text_align\":\"left\",\"title_element\":\"h2\"}},{\"name\":\"\",\"type\":\"text\",\"props\":{\"block_align\":\"center\",\"column_breakpoint\":\"m\",\"content\":\"\n\n<h5>\\u00bfTe ayudamos?<br \\\/>Contacta con nosotros,<br \\\/>te atenderemos encantados.<\\\/h5>\",\"margin\":\"default\",\"margin_remove_bottom\":false,\"maxwidth\":\"large\"}},{\"name\":\"\",\"type\":\"button\",\"props\":{\"block_align\":\"center\",\"grid_column_gap\":\"medium\",\"grid_row_gap\":\"medium\",\"margin\":\"large\",\"maxwidth\":\"large\"},\"children\":[{\"name\":\"\",\"type\":\"button_item\",\"props\":{\"button_style\":\"primary\",\"content\":\"Escr\\u00edbenos\",\"icon_align\":\"left\",\"link\":\"index.php?page_id=37\"}},{\"name\":\"\",\"type\":\"button_item\",\"props\":{\"button_style\":\"\",\"content\":\"+034 927 215 416\",\"icon\":\"receiver\",\"icon_align\":\"left\",\"link\":\"tel:927215416\"}}]}]}]}]}],\"version\":\"3.0.20\"} --><\/p>\n","protected":false},"excerpt":{"rendered":"<p>Asesor\u00eda Fiscal Asesor\u00eda Contable Consultor\u00eda &#8211; Auditor\u00eda Asesor\u00eda Fiscal Analizar, planificar y anticipar Asesor\u00eda Contable Medir, controlar y decidir Consultor\u00eda &#8211; Auditor\u00eda Evaluaci\u00f3n global y objetiva Un gran trabajo Con un gran Equipo Humano La firma Jes\u00fas Mu\u00f1oz Carvajal Socio Jos\u00e9 F\u00e9lix Pav\u00f3n Claros Socio Eva Mu\u00f1oz Carvajal Socio Por qu\u00e9 elegirnos Servicios 30 A\u00f1os [&hellip;]<\/p>\n","protected":false},"author":1,"featured_media":0,"parent":0,"menu_order":0,"comment_status":"closed","ping_status":"closed","template":"","meta":{"footnotes":""},"class_list":["post-7","page","type-page","status-publish","hentry"],"_links":{"self":[{"href":"https:\/\/www.sectorconsultoria.es\/index.php?rest_route=\/wp\/v2\/pages\/7","targetHints":{"allow":["GET"]}}],"collection":[{"href":"https:\/\/www.sectorconsultoria.es\/index.php?rest_route=\/wp\/v2\/pages"}],"about":[{"href":"https:\/\/www.sectorconsultoria.es\/index.php?rest_route=\/wp\/v2\/types\/page"}],"author":[{"embeddable":true,"href":"https:\/\/www.sectorconsultoria.es\/index.php?rest_route=\/wp\/v2\/users\/1"}],"replies":[{"embeddable":true,"href":"https:\/\/www.sectorconsultoria.es\/index.php?rest_route=%2Fwp%2Fv2%2Fcomments&post=7"}],"version-history":[{"count":69,"href":"https:\/\/www.sectorconsultoria.es\/index.php?rest_route=\/wp\/v2\/pages\/7\/revisions"}],"predecessor-version":[{"id":336,"href":"https:\/\/www.sectorconsultoria.es\/index.php?rest_route=\/wp\/v2\/pages\/7\/revisions\/336"}],"wp:attachment":[{"href":"https:\/\/www.sectorconsultoria.es\/index.php?rest_route=%2Fwp%2Fv2%2Fmedia&parent=7"}],"curies":[{"name":"wp","href":"https:\/\/api.w.org\/{rel}","templated":true}]}}